{"id":7746,"date":"2016-12-09T01:58:50","date_gmt":"2016-12-09T00:58:50","guid":{"rendered":"https:\/\/juni2022.sintefnorlab.no\/spesialanalyser\/"},"modified":"2024-02-26T16:29:21","modified_gmt":"2024-02-26T15:29:21","slug":"customized-analyses","status":"publish","type":"page","link":"https:\/\/nemkonorlab.com\/en\/services\/chemical-analysis\/customized-analyses\/","title":{"rendered":"Customized analyses"},"content":{"rendered":"<p>[et_pb_section fb_built=&#8221;1&#8243; custom_padding_last_edited=&#8221;on|desktop&#8221; admin_label=&#8221;section&#8221; module_id=&#8221;bg_kjemiskeanalyser&#8221; _builder_version=&#8221;4.16&#8243; background_color=&#8221;rgba(255,255,255,0)&#8221; custom_padding_tablet=&#8221;50px|0|50px|0&#8243; custom_padding_phone=&#8221;&#8221; transparent_background=&#8221;on&#8221; padding_mobile=&#8221;off&#8221; make_fullwidth=&#8221;off&#8221; use_custom_width=&#8221;off&#8221; width_unit=&#8221;on&#8221; global_colors_info=&#8221;{}&#8221;][et_pb_row column_structure=&#8221;1_2,1_2&#8243; padding_mobile=&#8221;off&#8221; column_padding_mobile=&#8221;on&#8221; admin_label=&#8221;row&#8221; _builder_version=&#8221;4.16&#8243; background_size=&#8221;initial&#8221; background_position=&#8221;top_left&#8221; background_repeat=&#8221;repeat&#8221; make_fullwidth=&#8221;off&#8221; use_custom_width=&#8221;off&#8221; width_unit=&#8221;off&#8221; global_colors_info=&#8221;{}&#8221;][et_pb_column type=&#8221;1_2&#8243; _builder_version=&#8221;4.16&#8243; custom_padding=&#8221;|||&#8221; global_colors_info=&#8221;{}&#8221; custom_padding__hover=&#8221;|||&#8221;][et_pb_text admin_label=&#8221;Tekst&#8221; _builder_version=&#8221;4.16&#8243; background_color=&#8221;#569BBE&#8221; background_size=&#8221;initial&#8221; background_position=&#8221;top_left&#8221; background_repeat=&#8221;repeat&#8221; background_layout=&#8221;dark&#8221; custom_padding=&#8221;22px|22px|22px|22px&#8221; use_border_color=&#8221;off&#8221; border_color=&#8221;#ffffff&#8221; border_style=&#8221;solid&#8221; global_colors_info=&#8221;{}&#8221;]<\/p>\n<h1>Chemical analyses<\/h1>\n<p>[\/et_pb_text][et_pb_text admin_label=&#8221;Tekst&#8221; _builder_version=&#8221;4.16&#8243; background_color=&#8221;#569BBE&#8221; background_size=&#8221;initial&#8221; background_position=&#8221;top_left&#8221; background_repeat=&#8221;repeat&#8221; background_layout=&#8221;dark&#8221; custom_padding=&#8221;22px|22px|22px|22px&#8221; use_border_color=&#8221;off&#8221; border_color=&#8221;#ffffff&#8221; border_style=&#8221;solid&#8221; global_colors_info=&#8221;{}&#8221;]<\/p>\n<p>Nemko Norlab conducts a wide range of chemical analyses related to environmental investigations and quality control of raw materials and products. From well-equipped, modern laboratories, we deliver inorganic and organic analyses for industrial customers and research organizations. We also provide customized testing.<\/p>\n<p>Nemko Norlab delivers customised outsourced laboratory solutions to a number of industrial companies.<\/p>\n<p>[\/et_pb_text][et_pb_code disabled_on=&#8221;off|off|off&#8221; admin_label=&#8221;Kode BG video&#8221; module_id=&#8221;youtubeplayer&#8221; _builder_version=&#8221;4.16&#8243; global_colors_info=&#8221;{}&#8221;]<\/p>\n<style> body {background-image: url(\"https:\/\/nemkonorlab.com\/wp-content\/uploads\/2016\/12\/P1350064.MOV.Still009.jpg\") !important;} background-color: #666;<\/style>\n<p> <div id=\"playerVideo1\"  class=\"mbYTPVideo inline_YTPlayer\" data-property=\"{videoURL:'https:\/\/youtu.be\/57AMB0EFzOc', mobileFallbackImage:'', opacity:1, autoPlay:true, containment:'body', goFullScreenOnPlay:'false', startAt:0, stopAt:0, mute:true, vol:50, optimizeDisplay:true, showControls:false, printUrl:true, loop:true, addRaster:false, quality:'default', realfullscreen:true, ratio:'auto', abundance:'0.2', coverImage:false, anchor:'center,center', gaTrack:false, stopMovieOnBlur:false, remember_last_time:false}\"><\/div>[\/et_pb_code][\/et_pb_column][et_pb_column type=&#8221;1_2&#8243; _builder_version=&#8221;4.16&#8243; custom_padding=&#8221;|||&#8221; global_colors_info=&#8221;{}&#8221; custom_padding__hover=&#8221;|||&#8221;][\/et_pb_column][\/et_pb_row][\/et_pb_section][et_pb_section fb_built=&#8221;1&#8243; custom_padding_last_edited=&#8221;on|desktop&#8221; _builder_version=&#8221;4.16&#8243; background_color=&#8221;#f9f9f9&#8243; custom_padding_tablet=&#8221;50px|0|50px|0&#8243; custom_padding_phone=&#8221;&#8221; transparent_background=&#8221;off&#8221; padding_mobile=&#8221;off&#8221; make_fullwidth=&#8221;off&#8221; use_custom_width=&#8221;off&#8221; width_unit=&#8221;off&#8221; global_colors_info=&#8221;{}&#8221;][et_pb_row padding_mobile=&#8221;off&#8221; column_padding_mobile=&#8221;on&#8221; _builder_version=&#8221;4.16&#8243; background_size=&#8221;initial&#8221; background_position=&#8221;top_left&#8221; background_repeat=&#8221;repeat&#8221; make_fullwidth=&#8221;off&#8221; use_custom_width=&#8221;off&#8221; width_unit=&#8221;off&#8221; global_colors_info=&#8221;{}&#8221;][et_pb_column type=&#8221;4_4&#8243; _builder_version=&#8221;4.16&#8243; custom_padding=&#8221;|||&#8221; global_colors_info=&#8221;{}&#8221; custom_padding__hover=&#8221;|||&#8221;][et_pb_post_title meta=&#8221;off&#8221; featured_image=&#8221;off&#8221; disabled_on=&#8221;off|off|off&#8221; admin_label=&#8221;Innleggstittel &#8211; headertittel global stil&#8221; module_class=&#8221;headertittel&#8221; _builder_version=&#8221;4.16&#8243; title_font_size=&#8221;35px&#8221; background_color=&#8221;rgba(255,255,255,0)&#8221; parallax=&#8221;on&#8221; title_font_size_last_edited=&#8221;off|desktop&#8221; use_border_color=&#8221;off&#8221; border_color=&#8221;#ffffff&#8221; border_style=&#8221;solid&#8221; parallax_effect=&#8221;on&#8221; module_bg_color=&#8221;rgba(255,255,255,0)&#8221; saved_tabs=&#8221;all&#8221; global_colors_info=&#8221;{}&#8221;][\/et_pb_post_title][et_pb_text module_class=&#8221;headeringress&#8221; _builder_version=&#8221;4.16&#8243; use_border_color=&#8221;off&#8221; global_colors_info=&#8221;{}&#8221;]<\/p>\n<p>Nemko Norlab\u2019s interdisciplinary expertise in the analysis of anything from raw materials to finished products, environmental analyses of emissions to soil, water, and air enables us to undertake customized analyses for research and development projects. We currently provide organic and inorganic analyses for several industrial customers and research organizations throughout Norway. For examples of projects: fingerprinting of contaminants(biogenic vs petrogenic toluene), source identification of oil, screening of biofuels, particle characterization in cosmetics, R&amp;D support for industry.<\/p>\n<p>[\/et_pb_text][\/et_pb_column][\/et_pb_row][\/et_pb_section][et_pb_section fb_built=&#8221;1&#8243; disabled_on=&#8221;on|on|on&#8221; _builder_version=&#8221;4.16&#8243; disabled=&#8221;on&#8221; global_colors_info=&#8221;{}&#8221;][et_pb_row column_structure=&#8221;1_2,1_2&#8243; _builder_version=&#8221;4.16&#8243; background_size=&#8221;initial&#8221; background_position=&#8221;top_left&#8221; background_repeat=&#8221;repeat&#8221; global_colors_info=&#8221;{}&#8221;][et_pb_column type=&#8221;1_2&#8243; _builder_version=&#8221;4.16&#8243; custom_padding=&#8221;|||&#8221; global_colors_info=&#8221;{}&#8221; custom_padding__hover=&#8221;|||&#8221;][et_pb_text _builder_version=&#8221;4.16&#8243; background_size=&#8221;initial&#8221; background_position=&#8221;top_left&#8221; background_repeat=&#8221;repeat&#8221; use_border_color=&#8221;off&#8221; global_colors_info=&#8221;{}&#8221;]<\/p>\n<h4 class=\"p1\">Spesialanalyser &#8211; skredders\u00f8m<\/h4>\n<p class=\"p2\">SINTEF Molabs tverrfaglige kompetanse gjennom analyser av alt fra r\u00e5varer og ferdigprodukter for en rekke industribedrifter, til milj\u00f8analyser i forbindelse med utslipp til b\u00e5de jord, vann og luft, gj\u00f8r oss i stand til \u00e5 p\u00e5ta oss spesialanalyser i forbindelse med ulike forskning- og utviklingsprosjekter. Vi leverer i dag b\u00e5de organiske- og uorganiske spesialanalyser til en rekke industrikunder og forskningsmilj\u00f8er rundt omkring i Norge.<\/p>\n<p>[\/et_pb_text][\/et_pb_column][et_pb_column type=&#8221;1_2&#8243; _builder_version=&#8221;4.16&#8243; custom_padding=&#8221;|||&#8221; global_colors_info=&#8221;{}&#8221; custom_padding__hover=&#8221;|||&#8221;][\/et_pb_column][\/et_pb_row][\/et_pb_section][et_pb_section fb_built=&#8221;1&#8243; custom_padding_last_edited=&#8221;on|desktop&#8221; disabled_on=&#8221;on|on|on&#8221; _builder_version=&#8221;4.16&#8243; background_color=&#8221;#f9f9f9&#8243; custom_padding_tablet=&#8221;50px|0|50px|0&#8243; custom_padding_phone=&#8221;&#8221; transparent_background=&#8221;off&#8221; padding_mobile=&#8221;off&#8221; make_fullwidth=&#8221;off&#8221; use_custom_width=&#8221;off&#8221; width_unit=&#8221;on&#8221; disabled=&#8221;on&#8221; global_colors_info=&#8221;{}&#8221;][et_pb_row column_structure=&#8221;1_4,1_4,1_4,1_4&#8243; disabled_on=&#8221;on|on|on&#8221; _builder_version=&#8221;4.16&#8243; background_size=&#8221;initial&#8221; background_position=&#8221;top_left&#8221; background_repeat=&#8221;repeat&#8221; disabled=&#8221;on&#8221; global_colors_info=&#8221;{}&#8221;][et_pb_column type=&#8221;1_4&#8243; _builder_version=&#8221;4.16&#8243; custom_padding=&#8221;|||&#8221; global_colors_info=&#8221;{}&#8221; custom_padding__hover=&#8221;|||&#8221;][et_pb_image src=&#8221;https:\/\/nemkonorlab.com\/wp-content\/uploads\/2016\/10\/norsk-akkreditering.png&#8221; alt=&#8221;Norsk Akkreditering&#8221; align_tablet=&#8221;center&#8221; align_phone=&#8221;&#8221; align_last_edited=&#8221;on|desktop&#8221; _builder_version=&#8221;4.16&#8243; animation_style=&#8221;slide&#8221; animation_direction=&#8221;left&#8221; animation_duration=&#8221;500ms&#8221; animation_intensity_slide=&#8221;10%&#8221; use_border_color=&#8221;off&#8221; border_color=&#8221;#ffffff&#8221; border_style=&#8221;solid&#8221; animation=&#8221;left&#8221; sticky=&#8221;off&#8221; always_center_on_mobile=&#8221;on&#8221; global_colors_info=&#8221;{}&#8221;][\/et_pb_image][\/et_pb_column][et_pb_column type=&#8221;1_4&#8243; _builder_version=&#8221;4.16&#8243; custom_padding=&#8221;|||&#8221; global_colors_info=&#8221;{}&#8221; custom_padding__hover=&#8221;|||&#8221;][et_pb_image src=&#8221;https:\/\/nemkonorlab.com\/wp-content\/uploads\/2016\/10\/achilles.png&#8221; align_tablet=&#8221;center&#8221; align_phone=&#8221;&#8221; align_last_edited=&#8221;on|desktop&#8221; _builder_version=&#8221;4.16&#8243; animation_style=&#8221;slide&#8221; animation_direction=&#8221;left&#8221; animation_duration=&#8221;500ms&#8221; animation_intensity_slide=&#8221;10%&#8221; use_border_color=&#8221;off&#8221; border_color=&#8221;#ffffff&#8221; border_style=&#8221;solid&#8221; animation=&#8221;left&#8221; sticky=&#8221;off&#8221; always_center_on_mobile=&#8221;on&#8221; global_colors_info=&#8221;{}&#8221;][\/et_pb_image][\/et_pb_column][et_pb_column type=&#8221;1_4&#8243; _builder_version=&#8221;4.16&#8243; custom_padding=&#8221;|||&#8221; global_colors_info=&#8221;{}&#8221; custom_padding__hover=&#8221;|||&#8221;][\/et_pb_column][et_pb_column type=&#8221;1_4&#8243; _builder_version=&#8221;4.16&#8243; custom_padding=&#8221;|||&#8221; global_colors_info=&#8221;{}&#8221; custom_padding__hover=&#8221;|||&#8221;][\/et_pb_column][\/et_pb_row][\/et_pb_section][et_pb_section fb_built=&#8221;1&#8243; custom_padding_last_edited=&#8221;on|desktop&#8221; _builder_version=&#8221;4.16&#8243; background_color=&#8221;#569BBE&#8221; custom_padding_tablet=&#8221;50px|0|50px|0&#8243; custom_padding_phone=&#8221;&#8221; transparent_background=&#8221;off&#8221; padding_mobile=&#8221;off&#8221; make_fullwidth=&#8221;off&#8221; use_custom_width=&#8221;off&#8221; width_unit=&#8221;on&#8221; global_colors_info=&#8221;{}&#8221;][et_pb_row column_structure=&#8221;1_4,1_4,1_4,1_4&#8243; padding_mobile=&#8221;off&#8221; column_padding_mobile=&#8221;on&#8221; _builder_version=&#8221;4.16&#8243; background_size=&#8221;initial&#8221; background_position=&#8221;top_left&#8221; background_repeat=&#8221;repeat&#8221; custom_margin=&#8221;||0px|&#8221; custom_padding=&#8221;||0px|&#8221; make_fullwidth=&#8221;off&#8221; use_custom_width=&#8221;off&#8221; width_unit=&#8221;on&#8221; global_colors_info=&#8221;{}&#8221;][et_pb_column type=&#8221;1_4&#8243; _builder_version=&#8221;4.16&#8243; custom_padding=&#8221;||0px|&#8221; global_colors_info=&#8221;{}&#8221; custom_padding__hover=&#8221;|||&#8221;][et_pb_team_member name=&#8221;Hege Karlsen&#8221; position=&#8221;Head Chemistry and Materials&#8221; image_url=&#8221;https:\/\/nemkonorlab.com\/wp-content\/uploads\/2022\/01\/hege.jpg&#8221; admin_label=&#8221;Person Hege Karlsen&#8221; _builder_version=&#8221;4.17.4&#8243; background_size=&#8221;initial&#8221; background_position=&#8221;top_left&#8221; background_repeat=&#8221;repeat&#8221; background_layout=&#8221;dark&#8221; hover_enabled=&#8221;0&#8243; use_border_color=&#8221;off&#8221; border_color=&#8221;#ffffff&#8221; border_style=&#8221;solid&#8221; saved_tabs=&#8221;all&#8221; global_colors_info=&#8221;{}&#8221; sticky_enabled=&#8221;0&#8243; title_text=&#8221;hege&#8221;]<\/p>\n<p>Organic analytical chemistry, environmental analyses<\/p>\n<p><i id=\"fac_69f5acc5380f5\" class=\"fa fa-phone\"><\/i>\n\u00a0<a href=\"tel:004741206644\"><span style=\"color: #eeeeee;\">+47 412 06 644<\/span><br \/><\/a><i id=\"fac_69f5acc539385\" class=\"fa fa-envelope\"><\/i>\n <span style=\"color: #eeeeee;\"><a style=\"color: #eeeeee;\" href=\"&#x6d;&#97;i&#x6c;&#116;o&#x3a;&#104;e&#x67;&#101;&#46;&#x6b;&#97;r&#x6c;&#115;e&#x6e;&#64;s&#x69;&#110;t&#x65;&#102;m&#x6f;&#108;a&#x62;&#46;n&#x6f;\">hege.karlsen<\/a><\/span><\/p>\n<p>[\/et_pb_team_member][\/et_pb_column][et_pb_column type=&#8221;1_4&#8243; _builder_version=&#8221;4.16&#8243; custom_padding=&#8221;||0px|&#8221; global_colors_info=&#8221;{}&#8221; custom_padding__hover=&#8221;|||&#8221;][et_pb_team_member name=&#8221;Katharina Scheidl&#8221; position=&#8221;Group Leader Porsgrunn&#8221; image_url=&#8221;https:\/\/nemkonorlab.com\/wp-content\/uploads\/2023\/09\/Y3A8121_1000-1.jpg&#8221; admin_label=&#8221;Katharina Scheidl&#8221; _builder_version=&#8221;4.17.4&#8243; background_size=&#8221;initial&#8221; background_position=&#8221;top_left&#8221; background_repeat=&#8221;repeat&#8221; background_layout=&#8221;dark&#8221; hover_enabled=&#8221;0&#8243; saved_tabs=&#8221;all&#8221; global_colors_info=&#8221;{}&#8221; global_module=&#8221;943&#8243; theme_builder_area=&#8221;post_content&#8221; sticky_enabled=&#8221;0&#8243;]<\/p>\n<p>Inorganic analytical chemistry, XRF, XRD<\/p>\n<p><i id=\"fac_69f5acc539af9\" class=\"fa fa-phone\"><\/i>\n\u00a0<a href=\"tel:004746626117\"><span style=\"color: #eeeeee;\">+47 466 26 117\u200b<\/span> <\/a><br \/><i id=\"fac_69f5acc53a300\" class=\"fa fa-envelope\"><\/i>\n <span style=\"color: #eeeeee;\"><a style=\"color: #eeeeee;\" href=\"mail&#116;&#111;&#58;&#107;&#97;&#x74;&#x68;&#x61;&#x72;&#x69;&#x6e;&#x61;&#46;sch&#101;&#105;&#100;&#108;&#64;&#x6e;&#x65;&#x6d;&#x6b;&#x6f;&#x6e;&#x6f;&#x72;lab&#46;&#99;&#111;&#109;\">katharina.scheidl<\/a><\/span><\/p>\n<p>&nbsp;<\/p>\n<p>[\/et_pb_team_member][\/et_pb_column][et_pb_column type=&#8221;1_4&#8243; _builder_version=&#8221;4.16&#8243; custom_padding=&#8221;||0px|&#8221; global_colors_info=&#8221;{}&#8221; custom_padding__hover=&#8221;|||&#8221;][\/et_pb_column][et_pb_column type=&#8221;1_4&#8243; _builder_version=&#8221;4.16&#8243; custom_padding=&#8221;||0px|&#8221; global_colors_info=&#8221;{}&#8221; custom_padding__hover=&#8221;|||&#8221;][\/et_pb_column][\/et_pb_row][\/et_pb_section]<\/p>\n","protected":false},"excerpt":{"rendered":"<p>Chemical analysesNemko Norlab conducts a wide range of chemical analyses related to environmental investigations and quality control of raw materials and products. From well-equipped, modern laboratories, we deliver inorganic and organic analyses for industrial customers and research organizations. We also provide customized testing. Nemko Norlab delivers customised outsourced laboratory solutions to a number of industrial [&hellip;]<\/p>\n","protected":false},"author":1,"featured_media":7273,"parent":7756,"menu_order":0,"comment_status":"closed","ping_status":"closed","template":"","meta":{"_et_pb_use_builder":"on","_et_pb_old_content":"","_et_gb_content_width":"","footnotes":""},"coauthors":[64],"class_list":["post-7746","page","type-page","status-publish","has-post-thumbnail","hentry"],"yoast_head":"<!-- This site is optimized with the Yoast SEO plugin v23.9 - https:\/\/yoast.com\/wordpress\/plugins\/seo\/ -->\n<title>Customized analyses | Nemko Norlab<\/title>\n<meta name=\"description\" content=\"Nemko Norlab delivers both organic and inorganic special analyses to a number of industrial customers and research environments in Norway and abroad.\" \/>\n<meta name=\"robots\" content=\"index, follow, max-snippet:-1, max-image-preview:large, max-video-preview:-1\" \/>\n<link rel=\"canonical\" href=\"https:\/\/nemkonorlab.com\/tjenester\/kjemisk-analyse\/spesialanalyser\/\" \/>\n<meta property=\"og:locale\" content=\"en_US\" \/>\n<meta property=\"og:type\" content=\"article\" \/>\n<meta property=\"og:title\" content=\"Customized analyses | Nemko Norlab\" \/>\n<meta property=\"og:description\" content=\"Nemko Norlab delivers both organic and inorganic special analyses to a number of industrial customers and research environments in Norway and abroad.\" \/>\n<meta property=\"og:url\" content=\"https:\/\/nemkonorlab.com\/tjenester\/kjemisk-analyse\/spesialanalyser\/\" \/>\n<meta property=\"og:site_name\" content=\"Nemko Norlab\" \/>\n<meta property=\"article:publisher\" content=\"https:\/\/www.facebook.com\/sintefmolab\/\" \/>\n<meta property=\"article:modified_time\" content=\"2024-02-26T15:29:21+00:00\" \/>\n<meta property=\"og:image\" content=\"https:\/\/nemkonorlab.com\/wp-content\/uploads\/2016\/12\/P1350064.MOV.Still009.jpg\" \/>\n\t<meta property=\"og:image:width\" content=\"1920\" \/>\n\t<meta property=\"og:image:height\" content=\"1080\" \/>\n\t<meta property=\"og:image:type\" content=\"image\/jpeg\" \/>\n<meta name=\"twitter:card\" content=\"summary_large_image\" \/>\n<meta name=\"twitter:label1\" content=\"Est. reading time\" \/>\n\t<meta name=\"twitter:data1\" content=\"3 minutes\" \/>\n\t<meta name=\"twitter:label2\" content=\"Written by\" \/>\n\t<meta name=\"twitter:data2\" content=\"Kent-Erik Sjursen\" \/>\n<script type=\"application\/ld+json\" class=\"yoast-schema-graph\">{\"@context\":\"https:\/\/schema.org\",\"@graph\":[{\"@type\":\"WebPage\",\"@id\":\"https:\/\/nemkonorlab.com\/tjenester\/kjemisk-analyse\/spesialanalyser\/\",\"url\":\"https:\/\/nemkonorlab.com\/tjenester\/kjemisk-analyse\/spesialanalyser\/\",\"name\":\"Customized analyses | Nemko Norlab\",\"isPartOf\":{\"@id\":\"https:\/\/nemkonorlab.com\/#website\"},\"primaryImageOfPage\":{\"@id\":\"https:\/\/nemkonorlab.com\/tjenester\/kjemisk-analyse\/spesialanalyser\/#primaryimage\"},\"image\":{\"@id\":\"https:\/\/nemkonorlab.com\/tjenester\/kjemisk-analyse\/spesialanalyser\/#primaryimage\"},\"thumbnailUrl\":\"https:\/\/nemkonorlab.com\/wp-content\/uploads\/2016\/12\/P1350064.MOV.Still009.jpg\",\"datePublished\":\"2016-12-09T00:58:50+00:00\",\"dateModified\":\"2024-02-26T15:29:21+00:00\",\"description\":\"Nemko Norlab delivers both organic and inorganic special analyses to a number of industrial customers and research environments in Norway and abroad.\",\"breadcrumb\":{\"@id\":\"https:\/\/nemkonorlab.com\/tjenester\/kjemisk-analyse\/spesialanalyser\/#breadcrumb\"},\"inLanguage\":\"en-US\",\"potentialAction\":[{\"@type\":\"ReadAction\",\"target\":[\"https:\/\/nemkonorlab.com\/tjenester\/kjemisk-analyse\/spesialanalyser\/\"]}]},{\"@type\":\"ImageObject\",\"inLanguage\":\"en-US\",\"@id\":\"https:\/\/nemkonorlab.com\/tjenester\/kjemisk-analyse\/spesialanalyser\/#primaryimage\",\"url\":\"https:\/\/nemkonorlab.com\/wp-content\/uploads\/2016\/12\/P1350064.MOV.Still009.jpg\",\"contentUrl\":\"https:\/\/nemkonorlab.com\/wp-content\/uploads\/2016\/12\/P1350064.MOV.Still009.jpg\",\"width\":1920,\"height\":1080},{\"@type\":\"BreadcrumbList\",\"@id\":\"https:\/\/nemkonorlab.com\/tjenester\/kjemisk-analyse\/spesialanalyser\/#breadcrumb\",\"itemListElement\":[{\"@type\":\"ListItem\",\"position\":1,\"name\":\"Hjem\",\"item\":\"https:\/\/nemkonorlab.com\/en\/\"},{\"@type\":\"ListItem\",\"position\":2,\"name\":\"Services\",\"item\":\"https:\/\/nemkonorlab.com\/en\/services\/\"},{\"@type\":\"ListItem\",\"position\":3,\"name\":\"Chemical analysis\",\"item\":\"https:\/\/nemkonorlab.com\/en\/services\/chemical-analysis\/\"},{\"@type\":\"ListItem\",\"position\":4,\"name\":\"Customized analyses\"}]},{\"@type\":\"WebSite\",\"@id\":\"https:\/\/nemkonorlab.com\/#website\",\"url\":\"https:\/\/nemkonorlab.com\/\",\"name\":\"Nemko Norlab\",\"description\":\"Your chemical lab partner in Norway\",\"publisher\":{\"@id\":\"https:\/\/nemkonorlab.com\/#organization\"},\"potentialAction\":[{\"@type\":\"SearchAction\",\"target\":{\"@type\":\"EntryPoint\",\"urlTemplate\":\"https:\/\/nemkonorlab.com\/?s={search_term_string}\"},\"query-input\":{\"@type\":\"PropertyValueSpecification\",\"valueRequired\":true,\"valueName\":\"search_term_string\"}}],\"inLanguage\":\"en-US\"},{\"@type\":\"Organization\",\"@id\":\"https:\/\/nemkonorlab.com\/#organization\",\"name\":\"SINTEF Molab\",\"url\":\"https:\/\/nemkonorlab.com\/\",\"logo\":{\"@type\":\"ImageObject\",\"inLanguage\":\"en-US\",\"@id\":\"https:\/\/nemkonorlab.com\/#\/schema\/logo\/image\/\",\"url\":\"https:\/\/juni2022.sintefnorlab.no\/wp-content\/uploads\/2016\/10\/logo_sintefmolab_small.png\",\"contentUrl\":\"https:\/\/juni2022.sintefnorlab.no\/wp-content\/uploads\/2016\/10\/logo_sintefmolab_small.png\",\"width\":400,\"height\":51,\"caption\":\"SINTEF Molab\"},\"image\":{\"@id\":\"https:\/\/nemkonorlab.com\/#\/schema\/logo\/image\/\"},\"sameAs\":[\"https:\/\/www.facebook.com\/sintefmolab\/\"]}]}<\/script>\n<!-- \/ Yoast SEO plugin. -->","yoast_head_json":{"title":"Customized analyses | Nemko Norlab","description":"Nemko Norlab delivers both organic and inorganic special analyses to a number of industrial customers and research environments in Norway and abroad.","robots":{"index":"index","follow":"follow","max-snippet":"max-snippet:-1","max-image-preview":"max-image-preview:large","max-video-preview":"max-video-preview:-1"},"canonical":"https:\/\/nemkonorlab.com\/tjenester\/kjemisk-analyse\/spesialanalyser\/","og_locale":"en_US","og_type":"article","og_title":"Customized analyses | Nemko Norlab","og_description":"Nemko Norlab delivers both organic and inorganic special analyses to a number of industrial customers and research environments in Norway and abroad.","og_url":"https:\/\/nemkonorlab.com\/tjenester\/kjemisk-analyse\/spesialanalyser\/","og_site_name":"Nemko Norlab","article_publisher":"https:\/\/www.facebook.com\/sintefmolab\/","article_modified_time":"2024-02-26T15:29:21+00:00","og_image":[{"width":1920,"height":1080,"url":"https:\/\/nemkonorlab.com\/wp-content\/uploads\/2016\/12\/P1350064.MOV.Still009.jpg","type":"image\/jpeg"}],"twitter_card":"summary_large_image","twitter_misc":{"Est. reading time":"3 minutes","Written by":"Kent-Erik Sjursen"},"schema":{"@context":"https:\/\/schema.org","@graph":[{"@type":"WebPage","@id":"https:\/\/nemkonorlab.com\/tjenester\/kjemisk-analyse\/spesialanalyser\/","url":"https:\/\/nemkonorlab.com\/tjenester\/kjemisk-analyse\/spesialanalyser\/","name":"Customized analyses | Nemko Norlab","isPartOf":{"@id":"https:\/\/nemkonorlab.com\/#website"},"primaryImageOfPage":{"@id":"https:\/\/nemkonorlab.com\/tjenester\/kjemisk-analyse\/spesialanalyser\/#primaryimage"},"image":{"@id":"https:\/\/nemkonorlab.com\/tjenester\/kjemisk-analyse\/spesialanalyser\/#primaryimage"},"thumbnailUrl":"https:\/\/nemkonorlab.com\/wp-content\/uploads\/2016\/12\/P1350064.MOV.Still009.jpg","datePublished":"2016-12-09T00:58:50+00:00","dateModified":"2024-02-26T15:29:21+00:00","description":"Nemko Norlab delivers both organic and inorganic special analyses to a number of industrial customers and research environments in Norway and abroad.","breadcrumb":{"@id":"https:\/\/nemkonorlab.com\/tjenester\/kjemisk-analyse\/spesialanalyser\/#breadcrumb"},"inLanguage":"en-US","potentialAction":[{"@type":"ReadAction","target":["https:\/\/nemkonorlab.com\/tjenester\/kjemisk-analyse\/spesialanalyser\/"]}]},{"@type":"ImageObject","inLanguage":"en-US","@id":"https:\/\/nemkonorlab.com\/tjenester\/kjemisk-analyse\/spesialanalyser\/#primaryimage","url":"https:\/\/nemkonorlab.com\/wp-content\/uploads\/2016\/12\/P1350064.MOV.Still009.jpg","contentUrl":"https:\/\/nemkonorlab.com\/wp-content\/uploads\/2016\/12\/P1350064.MOV.Still009.jpg","width":1920,"height":1080},{"@type":"BreadcrumbList","@id":"https:\/\/nemkonorlab.com\/tjenester\/kjemisk-analyse\/spesialanalyser\/#breadcrumb","itemListElement":[{"@type":"ListItem","position":1,"name":"Hjem","item":"https:\/\/nemkonorlab.com\/en\/"},{"@type":"ListItem","position":2,"name":"Services","item":"https:\/\/nemkonorlab.com\/en\/services\/"},{"@type":"ListItem","position":3,"name":"Chemical analysis","item":"https:\/\/nemkonorlab.com\/en\/services\/chemical-analysis\/"},{"@type":"ListItem","position":4,"name":"Customized analyses"}]},{"@type":"WebSite","@id":"https:\/\/nemkonorlab.com\/#website","url":"https:\/\/nemkonorlab.com\/","name":"Nemko Norlab","description":"Your chemical lab partner in Norway","publisher":{"@id":"https:\/\/nemkonorlab.com\/#organization"},"potentialAction":[{"@type":"SearchAction","target":{"@type":"EntryPoint","urlTemplate":"https:\/\/nemkonorlab.com\/?s={search_term_string}"},"query-input":{"@type":"PropertyValueSpecification","valueRequired":true,"valueName":"search_term_string"}}],"inLanguage":"en-US"},{"@type":"Organization","@id":"https:\/\/nemkonorlab.com\/#organization","name":"SINTEF Molab","url":"https:\/\/nemkonorlab.com\/","logo":{"@type":"ImageObject","inLanguage":"en-US","@id":"https:\/\/nemkonorlab.com\/#\/schema\/logo\/image\/","url":"https:\/\/juni2022.sintefnorlab.no\/wp-content\/uploads\/2016\/10\/logo_sintefmolab_small.png","contentUrl":"https:\/\/juni2022.sintefnorlab.no\/wp-content\/uploads\/2016\/10\/logo_sintefmolab_small.png","width":400,"height":51,"caption":"SINTEF Molab"},"image":{"@id":"https:\/\/nemkonorlab.com\/#\/schema\/logo\/image\/"},"sameAs":["https:\/\/www.facebook.com\/sintefmolab\/"]}]}},"_links":{"self":[{"href":"https:\/\/nemkonorlab.com\/en\/wp-json\/wp\/v2\/pages\/7746","targetHints":{"allow":["GET"]}}],"collection":[{"href":"https:\/\/nemkonorlab.com\/en\/wp-json\/wp\/v2\/pages"}],"about":[{"href":"https:\/\/nemkonorlab.com\/en\/wp-json\/wp\/v2\/types\/page"}],"author":[{"embeddable":true,"href":"https:\/\/nemkonorlab.com\/en\/wp-json\/wp\/v2\/users\/1"}],"replies":[{"embeddable":true,"href":"https:\/\/nemkonorlab.com\/en\/wp-json\/wp\/v2\/comments?post=7746"}],"version-history":[{"count":12,"href":"https:\/\/nemkonorlab.com\/en\/wp-json\/wp\/v2\/pages\/7746\/revisions"}],"predecessor-version":[{"id":12796,"href":"https:\/\/nemkonorlab.com\/en\/wp-json\/wp\/v2\/pages\/7746\/revisions\/12796"}],"up":[{"embeddable":true,"href":"https:\/\/nemkonorlab.com\/en\/wp-json\/wp\/v2\/pages\/7756"}],"wp:featuredmedia":[{"embeddable":true,"href":"https:\/\/nemkonorlab.com\/en\/wp-json\/wp\/v2\/media\/7273"}],"wp:attachment":[{"href":"https:\/\/nemkonorlab.com\/en\/wp-json\/wp\/v2\/media?parent=7746"}],"wp:term":[{"taxonomy":"author","embeddable":true,"href":"https:\/\/nemkonorlab.com\/en\/wp-json\/wp\/v2\/coauthors?post=7746"}],"curies":[{"name":"wp","href":"https:\/\/api.w.org\/{rel}","templated":true}]}}