{"id":7678,"date":"2019-01-16T14:54:05","date_gmt":"2019-01-16T13:54:05","guid":{"rendered":"https:\/\/juni2022.sintefnorlab.no\/bestilling-takk\/"},"modified":"2023-07-04T10:08:13","modified_gmt":"2023-07-04T08:08:13","slug":"bestilling-takk","status":"publish","type":"page","link":"https:\/\/nemkonorlab.com\/en\/customer-portal\/bestilling-takk\/","title":{"rendered":"Bestilling takk"},"content":{"rendered":"<p>[et_pb_section fb_built=&#8221;1&#8243; custom_padding_last_edited=&#8221;on|desktop&#8221; admin_label=&#8221;section&#8221; module_id=&#8221;bg_materialtesting&#8221; _builder_version=&#8221;4.16&#8243; background_color=&#8221;rgba(255,255,255,0)&#8221; background_image=&#8221;https:\/\/nemkonorlab.com\/wp-content\/uploads\/2016\/12\/P1350064.MOV.00_03_01_06.Still014.jpg&#8221; custom_padding_tablet=&#8221;50px|0|50px|0&#8243; custom_padding_phone=&#8221;&#8221; custom_css_main_element=&#8221;min-height:450px;&#8221; transparent_background=&#8221;on&#8221; padding_mobile=&#8221;off&#8221; global_colors_info=&#8221;{}&#8221;][et_pb_row padding_mobile=&#8221;off&#8221; column_padding_mobile=&#8221;on&#8221; admin_label=&#8221;row&#8221; _builder_version=&#8221;4.16&#8243; background_size=&#8221;initial&#8221; background_position=&#8221;top_left&#8221; background_repeat=&#8221;repeat&#8221; global_colors_info=&#8221;{}&#8221; column_structure=&#8221;1_2,1_2&#8243;][et_pb_column type=&#8221;1_2&#8243; _builder_version=&#8221;4.16&#8243; custom_padding=&#8221;|||&#8221; global_colors_info=&#8221;{}&#8221; custom_padding__hover=&#8221;|||&#8221;][et_pb_text _builder_version=&#8221;4.16&#8243; background_color=&#8221;#569BBE&#8221; background_size=&#8221;initial&#8221; background_position=&#8221;top_left&#8221; background_repeat=&#8221;repeat&#8221; background_layout=&#8221;dark&#8221; custom_padding=&#8221;22px|22px|22px|22px&#8221; global_colors_info=&#8221;{}&#8221;]<\/p>\n<h1>Bestilling<\/h1>\n<p>[\/et_pb_text][et_pb_text disabled_on=&#8221;on|on|on&#8221; _builder_version=&#8221;4.16&#8243; background_color=&#8221;#569BBE&#8221; background_size=&#8221;initial&#8221; background_position=&#8221;top_left&#8221; background_repeat=&#8221;repeat&#8221; background_layout=&#8221;dark&#8221; custom_padding=&#8221;22px|22px|22px|22px&#8221; disabled=&#8221;on&#8221; global_colors_info=&#8221;{}&#8221;]<\/p>\n<p>\n<strong>SINTEF Molabs grunnverdier er:<\/strong><\/p>\n<ul>\n<li><strong>Handlekraft<\/strong><\/li>\n<li><strong>Integritet<\/strong><\/li>\n<\/ul>\n<p><strong>Dette forutsetter en aktiv rolle innen flere omr\u00e5der. Vi h\u00e5per du tar deg tid til \u00e5 lese mer om v\u00e5rt fundament for alt av arbeid utf\u00f8rt p\u00e5 SINTEF Molab.<\/strong><\/p>\n<p>[\/et_pb_text][et_pb_code admin_label=&#8221;Kode BG video&#8221; module_id=&#8221;youtubeplayer&#8221; _builder_version=&#8221;4.16&#8243; saved_tabs=&#8221;all&#8221; global_colors_info=&#8221;{}&#8221;]<\/p>\n<style> body {background-image: url(\"https:\/\/nemkonorlab.com\/wp-content\/uploads\/2016\/12\/303f48b62a15ee41afcccb0b0a094bac.jpg\") !important;} background-color: #666;<\/style>\n<p>[\/et_pb_code][\/et_pb_column][et_pb_column type=&#8221;1_2&#8243; _builder_version=&#8221;4.16&#8243; custom_padding=&#8221;|||&#8221; global_colors_info=&#8221;{}&#8221; custom_padding__hover=&#8221;|||&#8221;][\/et_pb_column][\/et_pb_row][\/et_pb_section][et_pb_section fb_built=&#8221;1&#8243; custom_padding_last_edited=&#8221;on|desktop&#8221; disabled_on=&#8221;off|off|off&#8221; _builder_version=&#8221;4.16&#8243; background_color=&#8221;#f4f4f4&#8243; custom_padding_tablet=&#8221;50px|0|50px|0&#8243; custom_padding_phone=&#8221;&#8221; padding_mobile=&#8221;off&#8221; global_colors_info=&#8221;{}&#8221;][et_pb_row padding_mobile=&#8221;off&#8221; column_padding_mobile=&#8221;on&#8221; _builder_version=&#8221;4.16&#8243; background_size=&#8221;initial&#8221; background_position=&#8221;top_left&#8221; background_repeat=&#8221;repeat&#8221; global_colors_info=&#8221;{}&#8221;][et_pb_column type=&#8221;4_4&#8243; _builder_version=&#8221;4.16&#8243; custom_padding=&#8221;|||&#8221; global_colors_info=&#8221;{}&#8221; custom_padding__hover=&#8221;|||&#8221;][et_pb_text disabled_on=&#8221;off|off|off&#8221; _builder_version=&#8221;4.16&#8243; background_size=&#8221;initial&#8221; background_position=&#8221;top_left&#8221; background_repeat=&#8221;repeat&#8221; global_colors_info=&#8221;{}&#8221;]<\/p>\n<h1>Her kan du <strong>sende foresp\u00f8rsler<\/strong> og <strong>bestille<\/strong>.<\/h1>\n<p>[\/et_pb_text][et_pb_text admin_label=&#8221;Tekst takk&#8221; _builder_version=&#8221;4.16&#8243; text_font=&#8221;|700|||||||&#8221; text_font_size=&#8221;16px&#8221; background_color=&#8221;#ffffff&#8221; custom_padding=&#8221;40px|40px|40px|40px&#8221; global_colors_info=&#8221;{}&#8221;]<\/p>\n<p>Takk for din bestilling. Vi vil kontakte deg innen \u00e9n virkedag.<\/p>\n<p>[\/et_pb_text][\/et_pb_column][\/et_pb_row][\/et_pb_section][et_pb_section fb_built=&#8221;1&#8243; custom_padding_last_edited=&#8221;on|desktop&#8221; disabled_on=&#8221;off|off|off&#8221; _builder_version=&#8221;4.16&#8243; background_color=&#8221;#f9f9f9&#8243; background_image=&#8221;https:\/\/nemkonorlab.com\/wp-content\/uploads\/2016\/12\/Sequence-02.00_00_37_13.Still002.jpg&#8221; custom_padding_tablet=&#8221;50px|0|50px|0&#8243; custom_padding_phone=&#8221;&#8221; padding_mobile=&#8221;off&#8221; global_colors_info=&#8221;{}&#8221;][et_pb_row _builder_version=&#8221;4.16&#8243; background_size=&#8221;initial&#8221; background_position=&#8221;top_left&#8221; background_repeat=&#8221;repeat&#8221; global_colors_info=&#8221;{}&#8221;][et_pb_column type=&#8221;4_4&#8243; _builder_version=&#8221;4.16&#8243; custom_padding=&#8221;|||&#8221; global_colors_info=&#8221;{}&#8221; custom_padding__hover=&#8221;|||&#8221;][\/et_pb_column][\/et_pb_row][\/et_pb_section]<\/p>\n","protected":false},"excerpt":{"rendered":"<p>Bestilling SINTEF Molabs grunnverdier er: Handlekraft Integritet Dette forutsetter en aktiv rolle innen flere omr\u00e5der. Vi h\u00e5per du tar deg tid til \u00e5 lese mer om v\u00e5rt fundament for alt av arbeid utf\u00f8rt p\u00e5 SINTEF Molab. Her kan du sende foresp\u00f8rsler og bestille. Takk for din bestilling. Vi vil kontakte deg innen \u00e9n virkedag.<\/p>\n","protected":false},"author":1,"featured_media":0,"parent":7700,"menu_order":0,"comment_status":"closed","ping_status":"closed","template":"","meta":{"_et_pb_use_builder":"on","_et_pb_old_content":"","_et_gb_content_width":"","footnotes":""},"coauthors":[64],"class_list":["post-7678","page","type-page","status-publish","hentry"],"yoast_head":"<!-- This site is optimized with the Yoast SEO plugin v23.9 - https:\/\/yoast.com\/wordpress\/plugins\/seo\/ -->\n<title>Bestilling takk | Nemko Norlab<\/title>\n<meta name=\"robots\" content=\"index, follow, max-snippet:-1, max-image-preview:large, max-video-preview:-1\" \/>\n<link rel=\"canonical\" href=\"https:\/\/nemkonorlab.com\/en\/customer-portal\/bestilling-takk\/\" \/>\n<meta property=\"og:locale\" content=\"en_US\" \/>\n<meta property=\"og:type\" content=\"article\" \/>\n<meta property=\"og:title\" content=\"Bestilling takk | Nemko Norlab\" \/>\n<meta property=\"og:description\" content=\"Bestilling SINTEF Molabs grunnverdier er: Handlekraft Integritet Dette forutsetter en aktiv rolle innen flere omr\u00e5der. Vi h\u00e5per du tar deg tid til \u00e5 lese mer om v\u00e5rt fundament for alt av arbeid utf\u00f8rt p\u00e5 SINTEF Molab. Her kan du sende foresp\u00f8rsler og bestille. Takk for din bestilling. Vi vil kontakte deg innen \u00e9n virkedag.\" \/>\n<meta property=\"og:url\" content=\"https:\/\/nemkonorlab.com\/en\/customer-portal\/bestilling-takk\/\" \/>\n<meta property=\"og:site_name\" content=\"Nemko Norlab\" \/>\n<meta property=\"article:publisher\" content=\"https:\/\/www.facebook.com\/sintefmolab\/\" \/>\n<meta property=\"article:modified_time\" content=\"2023-07-04T08:08:13+00:00\" \/>\n<meta name=\"twitter:card\" content=\"summary_large_image\" \/>\n<meta name=\"twitter:label1\" content=\"Est. reading time\" \/>\n\t<meta name=\"twitter:data1\" content=\"3 minutes\" \/>\n\t<meta name=\"twitter:label2\" content=\"Written by\" \/>\n\t<meta name=\"twitter:data2\" content=\"Kent-Erik Sjursen\" \/>\n<script type=\"application\/ld+json\" class=\"yoast-schema-graph\">{\"@context\":\"https:\/\/schema.org\",\"@graph\":[{\"@type\":\"WebPage\",\"@id\":\"https:\/\/nemkonorlab.com\/en\/customer-portal\/bestilling-takk\/\",\"url\":\"https:\/\/nemkonorlab.com\/en\/customer-portal\/bestilling-takk\/\",\"name\":\"Bestilling takk | Nemko Norlab\",\"isPartOf\":{\"@id\":\"https:\/\/nemkonorlab.com\/#website\"},\"datePublished\":\"2019-01-16T13:54:05+00:00\",\"dateModified\":\"2023-07-04T08:08:13+00:00\",\"breadcrumb\":{\"@id\":\"https:\/\/nemkonorlab.com\/en\/customer-portal\/bestilling-takk\/#breadcrumb\"},\"inLanguage\":\"en-US\",\"potentialAction\":[{\"@type\":\"ReadAction\",\"target\":[\"https:\/\/nemkonorlab.com\/en\/customer-portal\/bestilling-takk\/\"]}]},{\"@type\":\"BreadcrumbList\",\"@id\":\"https:\/\/nemkonorlab.com\/en\/customer-portal\/bestilling-takk\/#breadcrumb\",\"itemListElement\":[{\"@type\":\"ListItem\",\"position\":1,\"name\":\"Hjem\",\"item\":\"https:\/\/nemkonorlab.com\/en\/\"},{\"@type\":\"ListItem\",\"position\":2,\"name\":\"Customer portal\",\"item\":\"https:\/\/nemkonorlab.com\/en\/customer-portal\/\"},{\"@type\":\"ListItem\",\"position\":3,\"name\":\"Bestilling takk\"}]},{\"@type\":\"WebSite\",\"@id\":\"https:\/\/nemkonorlab.com\/#website\",\"url\":\"https:\/\/nemkonorlab.com\/\",\"name\":\"Nemko Norlab\",\"description\":\"Your chemical lab partner in Norway\",\"publisher\":{\"@id\":\"https:\/\/nemkonorlab.com\/#organization\"},\"potentialAction\":[{\"@type\":\"SearchAction\",\"target\":{\"@type\":\"EntryPoint\",\"urlTemplate\":\"https:\/\/nemkonorlab.com\/?s={search_term_string}\"},\"query-input\":{\"@type\":\"PropertyValueSpecification\",\"valueRequired\":true,\"valueName\":\"search_term_string\"}}],\"inLanguage\":\"en-US\"},{\"@type\":\"Organization\",\"@id\":\"https:\/\/nemkonorlab.com\/#organization\",\"name\":\"SINTEF Molab\",\"url\":\"https:\/\/nemkonorlab.com\/\",\"logo\":{\"@type\":\"ImageObject\",\"inLanguage\":\"en-US\",\"@id\":\"https:\/\/nemkonorlab.com\/#\/schema\/logo\/image\/\",\"url\":\"https:\/\/juni2022.sintefnorlab.no\/wp-content\/uploads\/2016\/10\/logo_sintefmolab_small.png\",\"contentUrl\":\"https:\/\/juni2022.sintefnorlab.no\/wp-content\/uploads\/2016\/10\/logo_sintefmolab_small.png\",\"width\":400,\"height\":51,\"caption\":\"SINTEF Molab\"},\"image\":{\"@id\":\"https:\/\/nemkonorlab.com\/#\/schema\/logo\/image\/\"},\"sameAs\":[\"https:\/\/www.facebook.com\/sintefmolab\/\"]}]}<\/script>\n<!-- \/ Yoast SEO plugin. -->","yoast_head_json":{"title":"Bestilling takk | Nemko Norlab","robots":{"index":"index","follow":"follow","max-snippet":"max-snippet:-1","max-image-preview":"max-image-preview:large","max-video-preview":"max-video-preview:-1"},"canonical":"https:\/\/nemkonorlab.com\/en\/customer-portal\/bestilling-takk\/","og_locale":"en_US","og_type":"article","og_title":"Bestilling takk | Nemko Norlab","og_description":"Bestilling SINTEF Molabs grunnverdier er: Handlekraft Integritet Dette forutsetter en aktiv rolle innen flere omr\u00e5der. Vi h\u00e5per du tar deg tid til \u00e5 lese mer om v\u00e5rt fundament for alt av arbeid utf\u00f8rt p\u00e5 SINTEF Molab. Her kan du sende foresp\u00f8rsler og bestille. Takk for din bestilling. Vi vil kontakte deg innen \u00e9n virkedag.","og_url":"https:\/\/nemkonorlab.com\/en\/customer-portal\/bestilling-takk\/","og_site_name":"Nemko Norlab","article_publisher":"https:\/\/www.facebook.com\/sintefmolab\/","article_modified_time":"2023-07-04T08:08:13+00:00","twitter_card":"summary_large_image","twitter_misc":{"Est. reading time":"3 minutes","Written by":"Kent-Erik Sjursen"},"schema":{"@context":"https:\/\/schema.org","@graph":[{"@type":"WebPage","@id":"https:\/\/nemkonorlab.com\/en\/customer-portal\/bestilling-takk\/","url":"https:\/\/nemkonorlab.com\/en\/customer-portal\/bestilling-takk\/","name":"Bestilling takk | Nemko Norlab","isPartOf":{"@id":"https:\/\/nemkonorlab.com\/#website"},"datePublished":"2019-01-16T13:54:05+00:00","dateModified":"2023-07-04T08:08:13+00:00","breadcrumb":{"@id":"https:\/\/nemkonorlab.com\/en\/customer-portal\/bestilling-takk\/#breadcrumb"},"inLanguage":"en-US","potentialAction":[{"@type":"ReadAction","target":["https:\/\/nemkonorlab.com\/en\/customer-portal\/bestilling-takk\/"]}]},{"@type":"BreadcrumbList","@id":"https:\/\/nemkonorlab.com\/en\/customer-portal\/bestilling-takk\/#breadcrumb","itemListElement":[{"@type":"ListItem","position":1,"name":"Hjem","item":"https:\/\/nemkonorlab.com\/en\/"},{"@type":"ListItem","position":2,"name":"Customer portal","item":"https:\/\/nemkonorlab.com\/en\/customer-portal\/"},{"@type":"ListItem","position":3,"name":"Bestilling takk"}]},{"@type":"WebSite","@id":"https:\/\/nemkonorlab.com\/#website","url":"https:\/\/nemkonorlab.com\/","name":"Nemko Norlab","description":"Your chemical lab partner in Norway","publisher":{"@id":"https:\/\/nemkonorlab.com\/#organization"},"potentialAction":[{"@type":"SearchAction","target":{"@type":"EntryPoint","urlTemplate":"https:\/\/nemkonorlab.com\/?s={search_term_string}"},"query-input":{"@type":"PropertyValueSpecification","valueRequired":true,"valueName":"search_term_string"}}],"inLanguage":"en-US"},{"@type":"Organization","@id":"https:\/\/nemkonorlab.com\/#organization","name":"SINTEF Molab","url":"https:\/\/nemkonorlab.com\/","logo":{"@type":"ImageObject","inLanguage":"en-US","@id":"https:\/\/nemkonorlab.com\/#\/schema\/logo\/image\/","url":"https:\/\/juni2022.sintefnorlab.no\/wp-content\/uploads\/2016\/10\/logo_sintefmolab_small.png","contentUrl":"https:\/\/juni2022.sintefnorlab.no\/wp-content\/uploads\/2016\/10\/logo_sintefmolab_small.png","width":400,"height":51,"caption":"SINTEF Molab"},"image":{"@id":"https:\/\/nemkonorlab.com\/#\/schema\/logo\/image\/"},"sameAs":["https:\/\/www.facebook.com\/sintefmolab\/"]}]}},"_links":{"self":[{"href":"https:\/\/nemkonorlab.com\/en\/wp-json\/wp\/v2\/pages\/7678","targetHints":{"allow":["GET"]}}],"collection":[{"href":"https:\/\/nemkonorlab.com\/en\/wp-json\/wp\/v2\/pages"}],"about":[{"href":"https:\/\/nemkonorlab.com\/en\/wp-json\/wp\/v2\/types\/page"}],"author":[{"embeddable":true,"href":"https:\/\/nemkonorlab.com\/en\/wp-json\/wp\/v2\/users\/1"}],"replies":[{"embeddable":true,"href":"https:\/\/nemkonorlab.com\/en\/wp-json\/wp\/v2\/comments?post=7678"}],"version-history":[{"count":2,"href":"https:\/\/nemkonorlab.com\/en\/wp-json\/wp\/v2\/pages\/7678\/revisions"}],"predecessor-version":[{"id":12262,"href":"https:\/\/nemkonorlab.com\/en\/wp-json\/wp\/v2\/pages\/7678\/revisions\/12262"}],"up":[{"embeddable":true,"href":"https:\/\/nemkonorlab.com\/en\/wp-json\/wp\/v2\/pages\/7700"}],"wp:attachment":[{"href":"https:\/\/nemkonorlab.com\/en\/wp-json\/wp\/v2\/media?parent=7678"}],"wp:term":[{"taxonomy":"author","embeddable":true,"href":"https:\/\/nemkonorlab.com\/en\/wp-json\/wp\/v2\/coauthors?post=7678"}],"curies":[{"name":"wp","href":"https:\/\/api.w.org\/{rel}","templated":true}]}}